{"id":3559,"date":"2023-10-21T17:42:55","date_gmt":"2023-10-21T15:42:55","guid":{"rendered":"https:\/\/tigea-shop.si\/?post_type=product&#038;p=3559"},"modified":"2023-10-21T17:42:56","modified_gmt":"2023-10-21T15:42:56","slug":"klesce-za-lupljenje-zic-konektorji-260-kosov","status":"publish","type":"product","link":"https:\/\/tigea-shop.si\/sk\/izdelek\/klesce-za-lupljenje-zic-konektorji-260-kosov\/","title":{"rendered":"Kle\u0161\u010de za lupljenje \u017eic + konektorji 260 kosov"},"content":{"rendered":"<p>Ve\u010dnamenske oja\u010dane kle\u0161\u010de za odstranjevanje izolacije kablov. Ima gumijast ro\u010daj in kaljena rezila. Samodejno se prilagodi prerezu obdelanega vodnika v postopku odstranjevanja. Ima rezalnik in orodje za stiskanje. Set vsebuje kle\u0161\u010de, konektorje in vezice. Stiskanje konektorjev z debelino od 0,2 do 6 mm.<\/p>\n","protected":false},"excerpt":{"rendered":"<p>Ve\u010dnamenske oja\u010dane kle\u0161\u010de za odstranjevanje izolacije kablov. Ima gumijast ro\u010daj in kaljena rezila. Samodejno se prilagodi prerezu obdelanega vodnika v postopku odstranjevanja. Ima rezalnik in orodje za stiskanje. Set vsebuje kle\u0161\u010de, konektorje in vezice. Stiskanje konektorjev z debelino od 0,2 do 6 mm.<\/p>\n","protected":false},"featured_media":3560,"template":"","meta":[],"_links":{"self":[{"href":"https:\/\/tigea-shop.si\/sk\/wp-json\/wp\/v2\/product\/3559"}],"collection":[{"href":"https:\/\/tigea-shop.si\/sk\/wp-json\/wp\/v2\/product"}],"about":[{"href":"https:\/\/tigea-shop.si\/sk\/wp-json\/wp\/v2\/types\/product"}],"wp:featuredmedia":[{"embeddable":true,"href":"https:\/\/tigea-shop.si\/sk\/wp-json\/wp\/v2\/media\/3560"}],"wp:attachment":[{"href":"https:\/\/tigea-shop.si\/sk\/wp-json\/wp\/v2\/media?parent=3559"}],"curies":[{"name":"wp","href":"https:\/\/api.w.org\/{rel}","templated":true}]}}