{"id":4149,"date":"2024-11-23T10:01:23","date_gmt":"2024-11-23T09:01:23","guid":{"rendered":"https:\/\/tigea-shop.si\/?post_type=product&#038;p=4149"},"modified":"2024-11-23T10:01:23","modified_gmt":"2024-11-23T09:01:23","slug":"samozaporna-mazalna-glava","status":"publish","type":"product","link":"https:\/\/tigea-shop.si\/sk\/izdelek\/samozaporna-mazalna-glava\/","title":{"rendered":"SAMOZAPORNA MAZALNA GLAVA"},"content":{"rendered":"<p>Ustreza vsem pogosto uporabljenim mazalkam: ro\u010dnim, pnevmatskim in elektri\u010dnim, kot tudi pogosto uporabljenim vrstam mazalk.<br \/>\nIma 3 \u010deljusti iz kaljenega orodnega jekla, ki zagotavljajo trdno in varno pritrditev.<br \/>\nMo\u017enost priklopa do najve\u010djega tlaka 600 barov, kar daje fleksibilnost pri uporabi.<br \/>\nKakovostno tesnilo zagotavlja dolgo \u017eivljenjsko dobo, nepovratni ventil pa zagotavlja popolno tesnost in brez izgube ma\u0161\u010dobe.<br \/>\nOdklop vzvoda odpravlja te\u017eave s stisnjenim konektorjem, tudi pri visokem tlaku.<br \/>\nNi vam treba dr\u017eati konektorja med mazanjem, zaradi \u010desar je delo la\u017eje in u\u010dinkovitej\u0161e.<br \/>\nNavoj: M10x1<br \/>\n\u0160tevilo \u010deljusti: 3<\/p>\n","protected":false},"excerpt":{"rendered":"<p>Ustreza vsem pogosto uporabljenim mazalkam: ro\u010dnim, pnevmatskim in elektri\u010dnim, kot tudi pogosto uporabljenim vrstam mazalk. Ima 3 \u010deljusti iz kaljenega orodnega jekla, ki zagotavljajo trdno in varno pritrditev. Mo\u017enost priklopa do najve\u010djega tlaka 600 barov, kar daje fleksibilnost pri uporabi. Kakovostno tesnilo zagotavlja dolgo \u017eivljenjsko dobo, nepovratni ventil pa zagotavlja popolno tesnost in brez izgube &hellip; <br \/><a href=\"https:\/\/tigea-shop.si\/sk\/izdelek\/samozaporna-mazalna-glava\/\" class=\"more-link\">Continue reading <span class=\"screen-reader-text\">SAMOZAPORNA MAZALNA GLAVA<\/span><\/a><\/p>\n","protected":false},"featured_media":4150,"template":"","meta":[],"_links":{"self":[{"href":"https:\/\/tigea-shop.si\/sk\/wp-json\/wp\/v2\/product\/4149"}],"collection":[{"href":"https:\/\/tigea-shop.si\/sk\/wp-json\/wp\/v2\/product"}],"about":[{"href":"https:\/\/tigea-shop.si\/sk\/wp-json\/wp\/v2\/types\/product"}],"wp:featuredmedia":[{"embeddable":true,"href":"https:\/\/tigea-shop.si\/sk\/wp-json\/wp\/v2\/media\/4150"}],"wp:attachment":[{"href":"https:\/\/tigea-shop.si\/sk\/wp-json\/wp\/v2\/media?parent=4149"}],"curies":[{"name":"wp","href":"https:\/\/api.w.org\/{rel}","templated":true}]}}