{"id":4545,"date":"2025-11-27T07:17:05","date_gmt":"2025-11-27T06:17:05","guid":{"rendered":"https:\/\/tigea-shop.si\/?post_type=product&#038;p=4545"},"modified":"2026-02-26T16:27:35","modified_gmt":"2026-02-26T15:27:35","slug":"modularni-delavniski-set-2592-x-458-x-1830-mm","status":"publish","type":"product","link":"https:\/\/tigea-shop.si\/sk\/izdelek\/modularni-delavniski-set-2592-x-458-x-1830-mm\/","title":{"rendered":"Delavni\u0161ka omara  -2592 x 458 x 1830 mm"},"content":{"rendered":"<p><span dir=\"auto\">Komplet je sestavljen iz naslednjih modulov:<\/span><\/p>\n<ul>\n<li><span dir=\"auto\">1 \u00d7 2-vratna stoje\u010da omarica:\u00a0<\/span><strong><span dir=\"auto\">762 \u00d7 458 \u00d7 1830 mm<\/span><\/strong><\/li>\n<li><span dir=\"auto\">2 \u00d7 stenske omarice z enimi vrati:\u00a0<\/span><strong><span dir=\"auto\">610 \u00d7 280 \u00d7 338 mm<\/span><\/strong><\/li>\n<li><span dir=\"auto\">1 \u00d7 spodnja omarica z 2 vrati:\u00a0<\/span><strong><span dir=\"auto\">610 \u00d7 406 \u00d7 758 mm<\/span><\/strong><\/li>\n<li><span dir=\"auto\">1 \u00d7 Spodnja omarica s 4 predali:\u00a0<\/span><strong><span dir=\"auto\">610 \u00d7 406 \u00d7 758 mm<\/span><\/strong><\/li>\n<li><span dir=\"auto\">1 \u00d7 odprt predal za shranjevanje:\u00a0<\/span><strong><span dir=\"auto\">610 \u00d7 280 \u00d7 338 mm<\/span><\/strong><\/li>\n<li><span dir=\"auto\">6 \u00d7 perforirane stenske plo\u0161\u010de:\u00a0<\/span><strong><span dir=\"auto\">610 \u00d7 324 \u00d7 24 mm<\/span><\/strong><\/li>\n<li><span dir=\"auto\">1 \u00d7 Delovna plo\u0161\u010da iz masivnega naravnega lesa:\u00a0<\/span><strong><span dir=\"auto\">1830 \u00d7 406 \u00d7 25 mm<\/span><\/strong><\/li>\n<li><strong><span dir=\"auto\">Dimenzije (D x \u0160 x V):\u00a0<\/span><\/strong><span dir=\"auto\">2592 x 458 x 1830 mm<\/span><\/li>\n<li><span dir=\"auto\"><span dir=\"auto\">Omarice so izdelane iz hladno valjanega jekla.<\/span><\/span><\/li>\n<li><span dir=\"auto\"><span dir=\"auto\">Ro\u010daji so izdelani iz aluminija.<\/span><\/span><\/li>\n<li><span dir=\"auto\"><span dir=\"auto\">Delovna plo\u0161\u010da je izdelana iz masivnega naravnega lesa.<\/span><\/span><\/li>\n<li><span dir=\"auto\"><span dir=\"auto\">Vsa vrata so zaklepljiva.<\/span><\/span><\/li>\n<li><span dir=\"auto\"><span dir=\"auto\">Pohi\u0161tvo je nastavljivo po vi\u0161ini.<\/span><\/span><\/li>\n<\/ul>\n","protected":false},"excerpt":{"rendered":"<p>Komplet je sestavljen iz naslednjih modulov: 1 \u00d7 2-vratna stoje\u010da omarica:\u00a0762 \u00d7 458 \u00d7 1830 mm 2 \u00d7 stenske omarice z enimi vrati:\u00a0610 \u00d7 280 \u00d7 338 mm 1 \u00d7 spodnja omarica z 2 vrati:\u00a0610 \u00d7 406 \u00d7 758 mm 1 \u00d7 Spodnja omarica s 4 predali:\u00a0610 \u00d7 406 \u00d7 758 mm 1 \u00d7 odprt &hellip; <br \/><a href=\"https:\/\/tigea-shop.si\/sk\/izdelek\/modularni-delavniski-set-2592-x-458-x-1830-mm\/\" class=\"more-link\">Continue reading <span class=\"screen-reader-text\">Delavni\u0161ka omara  -2592 x 458 x 1830 mm<\/span><\/a><\/p>\n","protected":false},"featured_media":4554,"template":"","meta":[],"_links":{"self":[{"href":"https:\/\/tigea-shop.si\/sk\/wp-json\/wp\/v2\/product\/4545"}],"collection":[{"href":"https:\/\/tigea-shop.si\/sk\/wp-json\/wp\/v2\/product"}],"about":[{"href":"https:\/\/tigea-shop.si\/sk\/wp-json\/wp\/v2\/types\/product"}],"wp:featuredmedia":[{"embeddable":true,"href":"https:\/\/tigea-shop.si\/sk\/wp-json\/wp\/v2\/media\/4554"}],"wp:attachment":[{"href":"https:\/\/tigea-shop.si\/sk\/wp-json\/wp\/v2\/media?parent=4545"}],"curies":[{"name":"wp","href":"https:\/\/api.w.org\/{rel}","templated":true}]}}