{"id":4575,"date":"2025-12-22T17:29:02","date_gmt":"2025-12-22T16:29:02","guid":{"rendered":"https:\/\/tigea-shop.si\/?post_type=product&#038;p=4575"},"modified":"2025-12-22T17:29:03","modified_gmt":"2025-12-22T16:29:03","slug":"pnevmatska-crpalka-za-zamenjavo-olja-v-menjalniku","status":"publish","type":"product","link":"https:\/\/tigea-shop.si\/sk\/izdelek\/pnevmatska-crpalka-za-zamenjavo-olja-v-menjalniku\/","title":{"rendered":"Pnevmatska \u010drpalka za zamenjavo olja v menjalniku"},"content":{"rendered":"<p>\u010crpalka se uporablja za praznjenje in polnjenje olja.<\/p>\n<ul>\n<li>opremljen z varnostnim ventilom<\/li>\n<li>manometer vam omogo\u010da spremljanje tlaka v rezervoarju<\/li>\n<li>rezervoar s prostornino 7 litrov, s prozorno lestvico polnjenja<\/li>\n<li>opremljen z dvosmernim ventilom<\/li>\n<li>regulacija pretoka teko\u010dine s krogelnimi ventili<\/li>\n<li>ro\u010dica se lahko zaklene v vklopljenem polo\u017eaju<\/li>\n<li>glavna linija 200 cm s krogelnim ventilom in hitrim spojnikom<\/li>\n<li>prozorna najlonska cev 8x10mm, dolga 100 cm (delovna temperatura od -40 do 120 \u00b0 C, delovni tlak: do 2,8 MPa)<\/li>\n<li>4&#215;6 mm najlonska cev, dolga 80 cm, polovi\u010dno prekrita s prilagodljivim gumijastim ovratnikom, zaklju\u010dena s hitrim spojnikom (delovna temperatura od -40 do 125 \u00b0 C, delovni tlak: do 2,8 MPa)<\/li>\n<\/ul>\n<p><strong>V kompletu je 13 adapterjev za \u0161iroko paleto samodejnih menjalnikov:<\/strong><\/p>\n<ul>\n<li>ATF-101 za Ford 1\/8 &#8222;NPT menjalnik Ford<\/li>\n<li>ATF-102 za BMW, Honda, Nissan itd.<\/li>\n<li>ATF-103 za VW, menjalnike Audi , Skoda<\/li>\n<li>ATF-104 za menjalnike VW, Audi, Porsche<\/li>\n<li>ATF-105 za menjalnike M10x1,0 VW, Audi, Mini Cooper<\/li>\n<li>ATF-106 za menjalnike M24x1,5 VAG z avtomatskimi menjalniki DSG<\/li>\n<li>ATF-107 za menjalnik VAG M22x1.5 z avtomatskim menjalnikom CVT<\/li>\n<li>ATF-108 za M18x1.5 Menjalnik \u0160koda, VW<\/li>\n<li>ATF-109 za menjalnik Mercedes-Benz M12x1.5 s 7-stopenjskim samodejnim menjalnikom<\/li>\n<li>ATF-110 za menjalnik Audi, VW, Skoda M30x1.5<\/li>\n<li>ATF-111 za prilagodljivi menjalnik 300 mm Honda, Hyundai , Kia itd.<\/li>\n<li>ATF-112 za M8x1 (5 \/ 16-24 UNF) Nissan, Infinity, menjalnik Volvo<\/li>\n<li>ATF-113 za Toyoto, menjalnik Lexus M18x1,5<\/li>\n<\/ul>\n","protected":false},"excerpt":{"rendered":"<p>\u010crpalka se uporablja za praznjenje in polnjenje olja. opremljen z varnostnim ventilom manometer vam omogo\u010da spremljanje tlaka v rezervoarju rezervoar s prostornino 7 litrov, s prozorno lestvico polnjenja opremljen z dvosmernim ventilom regulacija pretoka teko\u010dine s krogelnimi ventili ro\u010dica se lahko zaklene v vklopljenem polo\u017eaju glavna linija 200 cm s krogelnim ventilom in hitrim spojnikom &hellip; <br \/><a href=\"https:\/\/tigea-shop.si\/sk\/izdelek\/pnevmatska-crpalka-za-zamenjavo-olja-v-menjalniku\/\" class=\"more-link\">Continue reading <span class=\"screen-reader-text\">Pnevmatska \u010drpalka za zamenjavo olja v menjalniku<\/span><\/a><\/p>\n","protected":false},"featured_media":4576,"template":"","meta":[],"_links":{"self":[{"href":"https:\/\/tigea-shop.si\/sk\/wp-json\/wp\/v2\/product\/4575"}],"collection":[{"href":"https:\/\/tigea-shop.si\/sk\/wp-json\/wp\/v2\/product"}],"about":[{"href":"https:\/\/tigea-shop.si\/sk\/wp-json\/wp\/v2\/types\/product"}],"wp:featuredmedia":[{"embeddable":true,"href":"https:\/\/tigea-shop.si\/sk\/wp-json\/wp\/v2\/media\/4576"}],"wp:attachment":[{"href":"https:\/\/tigea-shop.si\/sk\/wp-json\/wp\/v2\/media?parent=4575"}],"curies":[{"name":"wp","href":"https:\/\/api.w.org\/{rel}","templated":true}]}}