{"id":4640,"date":"2026-01-09T08:26:05","date_gmt":"2026-01-09T07:26:05","guid":{"rendered":"https:\/\/tigea-shop.si\/?post_type=product&#038;p=4640"},"modified":"2026-02-18T07:57:51","modified_gmt":"2026-02-18T06:57:51","slug":"delavniska-omara-2620-x-2100-x-506-mm","status":"publish","type":"product","link":"https:\/\/tigea-shop.si\/sk\/izdelek\/delavniska-omara-2620-x-2100-x-506-mm\/","title":{"rendered":"Delavni\u0161ka omara 4060 x 2100 x 506 mm"},"content":{"rendered":"<h1><span dir=\"auto\">Profesionalni sistem omar za delavnice za u\u010dinkovitost in organizacijo<\/span><\/h1>\n<p><span dir=\"auto\">S 16-delnim modularnim sistemom za delavnice RTX-1000 postane va\u0161a delavnica optimalno organizirano delovno okolje \u2013 ne glede na to, ali v prostem \u010dasu u\u017eivate v ustvarjanju in ustvarjanju ali pa delate profesionalno. Celovit sistem za delavnice RTX-1000 ne ponuja le veliko prostora za shranjevanje, temve\u010d tudi pametne re\u0161itve za shranjevanje, ki zagotavljajo, da je va\u0161e orodje vedno na dosegu roke in da imajo tudi majhni deli, kot so \u017eeblji, vijaki, matice in mozniki, svoje mesto.<\/span><\/p>\n<p><span dir=\"auto\">Poseben poudarek je perforirana plo\u0161\u010da, na katero je mogo\u010de pritrditi \u0161tevilne nosilce in ustvariti lasten individualni sistem shranjevanja. Od svedrov do sponk je s sistemom omaric RTX-1000 vse, kar potrebujete, takoj pri roki. Prostor za shranjevanje obsega dve visoki omari z do petimi predali, \u0161tiri stenske omare, 15 predalov s krogli\u010dnimi le\u017eaji razli\u010dnih velikosti in spodnjo omarico z dvema predaloma.<\/span><\/p>\n<p><span dir=\"auto\">Delovna povr\u0161ina je sestavljena iz trdne, masivne deske, premazane z lanenim oljem, name\u0161\u010dene med dvema visokima omaricama in na vrhu spodnjih omaric. To vam omogo\u010da enostaven dostop do vseh predalov in predelkov neposredno z delovnega mesta. Na\u0161 modularni celoten sistem RTX-1000 ne le da va\u0161i delavnici daje visokokakovosten in profesionalen videz, temve\u010d zagotavlja tudi, da boste v njej z veseljem delali \u0161e vrsto let.<\/span><\/p>\n<p><strong><span dir=\"auto\">Podrobnosti o izdelku na prvi pogled:<\/span><\/strong><\/p>\n<ul>\n<li><span dir=\"auto\">Prvovrstna izdelava in visokokakovostno pra\u0161no barvanje<\/span><\/li>\n<li><span dir=\"auto\">2 samostoje\u010di omarici s 3 vrati in 4 policami<\/span><\/li>\n<li><span dir=\"auto\">4 stenske omarice<\/span><\/li>\n<li><span dir=\"auto\">V stenskih omaricah so name\u0161\u010dene plinske vzmeti za enostavno odpiranje in zapiranje.<\/span><\/li>\n<li><span dir=\"auto\">Spodnja omarica z eno polico in dvema vratoma<\/span><\/li>\n<li><span dir=\"auto\">1 spodnja omarica s 6 predali<\/span><\/li>\n<li><span dir=\"auto\">1 spodnja omarica\/vozi\u010dek s 5 predali<\/span><\/li>\n<li><span dir=\"auto\">1 spodnja omarica s 4 predali<\/span><\/li>\n<li><span dir=\"auto\">Stena z luknjami \/ orodjem iz 4 elementov<\/span><\/li>\n<li><span dir=\"auto\">Robustna delovna povr\u0161ina iz masivne plo\u0161\u010de z zaklju\u010dnim premazom iz lanenega olja<\/span><\/li>\n<li><span dir=\"auto\">Nastavljive noge za optimalno delovno vi\u0161ino<\/span><\/li>\n<li><span dir=\"auto\">Prakti\u010dne in varne delavni\u0161ke omare iz robustnih materialov<\/span><\/li>\n<\/ul>\n<p><span dir=\"auto\">Ne glede na to, ali na\u010drtujete delavnico ali gara\u017eo, je varnost vedno na\u0161a glavna prioriteta. Na\u0161 modularni delavni\u0161ki sistem RTX-1000 je izdelan iz hladno valjanega jekla z debelino materiala 1,1 mm. Delovna plo\u0161\u010da, ki meri 1422 x 507 x 38 mm (D x \u0160 x V), ponuja veliko prostora za manevriranje tudi pri najzahtevnej\u0161ih opravilih. Razli\u010dne omarice so zaklepljive, kar zagotavlja, da nepoobla\u0161\u010dene osebe ne morejo dostopati do va\u0161ega dragocenega orodja.<\/span><\/p>\n<p><span dir=\"auto\">Tudi \u010de \u017eelite za\u0161\u010dititi svojo gara\u017eno opremo pred radovednimi otroki, so zaklepljive omare in predali idealni. Zahvaljujo\u010d klju\u010davnicam je mogo\u010de varno shraniti potencialno nevarne stroje in predmete. Komplet vklju\u010duje tudi pet 3,5 mm debelih predalov in trpe\u017ene vodila s krogli\u010dnimi le\u017eaji, ki zagotavljajo, da bo delavni\u0161ki sistem RTX-1000 dolgo \u010dasa ostal nepo\u0161kodovan.<\/span><\/p>\n<p><span dir=\"auto\">16-delni komplet za delavnico serije RTX-1000 je idealen za samozaposlene obrtnike ali strastne doma\u010de mojstre, ki cenijo sodoben, varen in visokokakovosten sistem omar. Naro\u010dite svoje nove delavni\u0161ke omare preprosto prek spleta in ustvarite prefinjen videz v svoji delavnici, kleti ali gara\u017ei, ki bo spodbujal organizacijo, u\u010dinkovitost in dolgotrajno u\u017eivanje v va\u0161em delu.<\/span><\/p>\n<p><strong><span dir=\"auto\">Delavni\u0161ki komplet z masivnim lesenim zgornjim delom, visoko omaro za orodje, perforirano plo\u0161\u010do, stensko omarico &#8211; predali 4060 x 2100 x 506 mm<\/span><\/strong><\/p>\n<ul>\n<li><span dir=\"auto\">6 &#8211; Omarica z vrati: 711 x 507 x 820 mm<\/span>\n<ul>\n<li><span dir=\"auto\">1,1 mm industrijsko hladno valjano jeklo<\/span><\/li>\n<li><span dir=\"auto\">\u010crno-rde\u010de pra\u0161no barvanje<\/span><\/li>\n<li><span dir=\"auto\">6 kompletov te\u017ekih sani s krogli\u010dnimi le\u017eaji<\/span><\/li>\n<li><span dir=\"auto\">Centralno delujo\u010d sistem s cilindri\u010dno optiko<\/span><\/li>\n<li><span dir=\"auto\">4 nastavljive noge<\/span><\/li>\n<li><span dir=\"auto\">4 kosi 2,8 mm vlo\u017ekov za predale<\/span><\/li>\n<\/ul>\n<\/li>\n<li><span dir=\"auto\">Omarica s 4 vrati 711 * 507 * 820 mm<\/span>\n<ul>\n<li><span dir=\"auto\">1,1 mm industrijsko hladno valjano jeklo<\/span><\/li>\n<li><span dir=\"auto\">\u010crno-rde\u010de pra\u0161no barvanje<\/span><\/li>\n<li><span dir=\"auto\">4 predali z robustnimi vodili s krogli\u010dnimi le\u017eaji<\/span><\/li>\n<li><span dir=\"auto\">Centralno zaklepanje s cilindri\u010dno klju\u010davnico<\/span><\/li>\n<li><span dir=\"auto\">4 nastavljive noge<\/span><\/li>\n<li><span dir=\"auto\">4 kosi 3,5 mm vodnih preprog<\/span><\/li>\n<\/ul>\n<\/li>\n<li><span dir=\"auto\">Omarica s 5 predali 666x458x748 mm<\/span>\n<ul>\n<li><span dir=\"auto\">1,1 mm industrijsko hladno valjano jeklo<\/span><\/li>\n<li><span dir=\"auto\">\u010crno-rde\u010de pra\u0161no barvanje<\/span><\/li>\n<li><span dir=\"auto\">5 kompletov visokozmogljivih drsnikov s krogli\u010dnimi le\u017eaji<\/span><\/li>\n<li><span dir=\"auto\">Centralno zaklepanje z videzom cilindra<\/span><\/li>\n<li><span dir=\"auto\">5 kosov 3,5 mm vlo\u017ekov za predale<\/span><\/li>\n<\/ul>\n<\/li>\n<li><span dir=\"auto\">2 &#8211; Omarica z vrati 711x507x820mm<\/span>\n<ul>\n<li><span dir=\"auto\">1,1 mm industrijsko hladno valjano jeklo<\/span><\/li>\n<li><span dir=\"auto\">\u010crno-rde\u010de pra\u0161no barvanje<\/span><\/li>\n<li><span dir=\"auto\">Polica v zaklepnih vratih<\/span><\/li>\n<li><span dir=\"auto\">4 nastavljive noge<\/span><\/li>\n<\/ul>\n<\/li>\n<li><span dir=\"auto\">1 stenska omarica z vrati 711x330x457mm<\/span>\n<ul>\n<li><span dir=\"auto\">1,1 mm industrijsko hladno valjano jeklo<\/span><\/li>\n<li><span dir=\"auto\">\u010crno-rde\u010de pra\u0161no barvanje<\/span><\/li>\n<li><span dir=\"auto\">2 plinski vzmeti<\/span><\/li>\n<\/ul>\n<\/li>\n<li><span dir=\"auto\">1-vratna samostoje\u010da omarica 600x507x457 mm<\/span>\n<ul>\n<li><span dir=\"auto\">1,1 mm industrijsko hladno valjano jeklo<\/span><\/li>\n<li><span dir=\"auto\">\u010crno-rde\u010de pra\u0161no barvanje<\/span><\/li>\n<li><span dir=\"auto\">4 police<\/span><\/li>\n<\/ul>\n<\/li>\n<\/ul>\n<p><span dir=\"auto\">Omarice so vnaprej sestavljene, kar omogo\u010da hitro in enostavno postavitev.<\/span><\/p>\n","protected":false},"excerpt":{"rendered":"<p>Profesionalni sistem omar za delavnice za u\u010dinkovitost in organizacijo S 16-delnim modularnim sistemom za delavnice RTX-1000 postane va\u0161a delavnica optimalno organizirano delovno okolje \u2013 ne glede na to, ali v prostem \u010dasu u\u017eivate v ustvarjanju in ustvarjanju ali pa delate profesionalno. Celovit sistem za delavnice RTX-1000 ne ponuja le veliko prostora za shranjevanje, temve\u010d tudi &hellip; <br \/><a href=\"https:\/\/tigea-shop.si\/sk\/izdelek\/delavniska-omara-2620-x-2100-x-506-mm\/\" class=\"more-link\">Continue reading <span class=\"screen-reader-text\">Delavni\u0161ka omara 4060 x 2100 x 506 mm<\/span><\/a><\/p>\n","protected":false},"featured_media":4772,"template":"","meta":[],"_links":{"self":[{"href":"https:\/\/tigea-shop.si\/sk\/wp-json\/wp\/v2\/product\/4640"}],"collection":[{"href":"https:\/\/tigea-shop.si\/sk\/wp-json\/wp\/v2\/product"}],"about":[{"href":"https:\/\/tigea-shop.si\/sk\/wp-json\/wp\/v2\/types\/product"}],"wp:featuredmedia":[{"embeddable":true,"href":"https:\/\/tigea-shop.si\/sk\/wp-json\/wp\/v2\/media\/4772"}],"wp:attachment":[{"href":"https:\/\/tigea-shop.si\/sk\/wp-json\/wp\/v2\/media?parent=4640"}],"curies":[{"name":"wp","href":"https:\/\/api.w.org\/{rel}","templated":true}]}}