{"id":4701,"date":"2026-02-05T16:01:10","date_gmt":"2026-02-05T15:01:10","guid":{"rendered":"https:\/\/tigea-shop.si\/?post_type=product&#038;p=4701"},"modified":"2026-02-18T07:31:17","modified_gmt":"2026-02-18T06:31:17","slug":"delavniska-omara-2955-x-525-x-1990-mm-z-led-osvetlitvijo-in-delovno-plosco-iz-nerjavecega-jekla","status":"publish","type":"product","link":"https:\/\/tigea-shop.si\/sk\/izdelek\/delavniska-omara-2955-x-525-x-1990-mm-z-led-osvetlitvijo-in-delovno-plosco-iz-nerjavecega-jekla\/","title":{"rendered":"Delavni\u0161ka omara -2955 x 525 x 1990 mm  z LED osvetlitvijo in delovno plo\u0161\u010do iz nerjave\u010dega jekla"},"content":{"rendered":"<p><span dir=\"auto\">Delavni\u0161ki sistem vam nudi popolnoma opremljeno delovno postajo, zasnovano za intenzivno vsakodnevno uporabo. Vsi moduli omar so izdelani iz hladno valjanega jekla z debelino materiala 0,8 mm \u2013 brez krhke plo\u010devine \u2013 kar zagotavlja izjemno stabilnost in vzdr\u017eljivost. Pra\u0161no barvane povr\u0161ine v sivi\/\u010drni barvi so odporne na praske, olje in umazanijo ter jih je enostavno \u010distiti. Neprekinjena delovna plo\u0161\u010da se razteza \u010dez celotno delovno \u0161irino in zagotavlja stabilno podlago za monta\u017eo, popravila in vzdr\u017eevalna dela. Posebej prakti\u010dna lastnost je integrirana LED-osvetlitev pod stenskimi omaricami, ki jo je mogo\u010de priro\u010dno vklopiti in izklopiti s senzorjem na dotik. To zagotavlja, da je delovno obmo\u010dje vedno optimalno osvetljeno \u2013 brez stikal ali zapletenih kablov. Sredinsko name\u0161\u010dene perforirane plo\u0161\u010de ponujajo prostor za orodje, kavlje in dr\u017eala (opcijsko), tako da je pogosto uporabljeno orodje vedno pri roki. Sistem dopolnjujejo ve\u010d zaklepljivih spodnjih omaric, omarica s predali s polnim izvlekom, funkcionalen modul za odpadke\/vhod in visoka stranska omarica za obse\u017eno orodje in materiale.<\/span><\/p>\n<p><span dir=\"auto\">Zahvaljujo\u010d nastavljivim nogam po vi\u0161ini RTX-0900 varno stoji tudi na neravnih tleh in ga je mogo\u010de natan\u010dno poravnati \u2013 za \u010disto povr\u0161ino ob stenah in tleh.<\/span><\/p>\n<ul>\n<li><span dir=\"auto\">16-delni kompletni delavni\u0161ki sistem<\/span><\/li>\n<li><span dir=\"auto\">0,8 mm hladno valjano jeklo<\/span><\/li>\n<li><span dir=\"auto\">Pra\u0161no lakiranje, odporno proti praskam, v sivi\/\u010drni barvi<\/span><\/li>\n<li><span dir=\"auto\">Integrirana LED-razsvetljava na delovnem mestu<\/span><\/li>\n<li><span dir=\"auto\">Brezkontaktni senzor za vklop\/izklop<\/span><\/li>\n<li><span dir=\"auto\">Perforirane plo\u0161\u010de za prilagodljivo organizacijo orodja<\/span><\/li>\n<li><span dir=\"auto\">Predali s polnim izvle\u010denjem<\/span><\/li>\n<li><span dir=\"auto\">Zaklepljiva vrata in moduli<\/span><\/li>\n<li><span dir=\"auto\">Modul za odpadke\/odlaganje za \u010diste delovne pogoje<\/span><\/li>\n<li><span dir=\"auto\">Aluminijasti ro\u010daji<\/span><\/li>\n<\/ul>\n<p><strong><span dir=\"auto\">Masa<\/span><\/strong><\/p>\n<ul>\n<li><span dir=\"auto\">Celotne dimenzije (Dx\u0160xV): 2955 x 525 x 1990 mm<\/span><\/li>\n<li><span dir=\"auto\">Delovna vi\u0161ina (vklju\u010dno z nastavljivimi nogami): pribli\u017eno 955 mm<\/span><\/li>\n<li><span dir=\"auto\">Globina delovne plo\u0161\u010de (masivna plo\u0161\u010da z oblogo iz nerjave\u010dega jekla): 475 mm<\/span><\/li>\n<li><span dir=\"auto\">Debelina delovne plo\u0161\u010de (masivna plo\u0161\u010da z oblogo iz nerjave\u010dega jekla): 220 mm<\/span><\/li>\n<li><span dir=\"auto\">Skupna delovna \u0161irina: 2040 mm<\/span><\/li>\n<li><span dir=\"auto\">Visoka omara (dvojna vrata): 910 mm<\/span><\/li>\n<li><span dir=\"auto\">\u0160irina modula 1 spodnje omarice z dvojnimi vrati: 680 mm<\/span><\/li>\n<li><span dir=\"auto\">\u0160irina spodnje omarice s 7 predali, modul 2: 680 mm<\/span><\/li>\n<li><span dir=\"auto\">\u0160irina ko\u0161a za odpadke v spodnji omarici z dr\u017ealom za papir Modul 3: 680 mm<\/span><\/li>\n<li><span dir=\"auto\">Nastavljive noge po vi\u0161ini: da<\/span><\/li>\n<li><span dir=\"auto\">Oddaljenost od tal: individualno nastavljiva<\/span><\/li>\n<\/ul>\n<p><strong><span dir=\"auto\">Obseg dobave<\/span><\/strong><\/p>\n<ul>\n<li><span dir=\"auto\">16 vnaprej sestavljenih modulov omaric<\/span><\/li>\n<li data-end=\"3630\" data-start=\"3613\"><span dir=\"auto\">Monta\u017eni material<\/span><\/li>\n<li data-end=\"3650\" data-start=\"3633\"><span dir=\"auto\">Navodila za sestavljanje<\/span><\/li>\n<\/ul>\n","protected":false},"excerpt":{"rendered":"<p>Delavni\u0161ki sistem vam nudi popolnoma opremljeno delovno postajo, zasnovano za intenzivno vsakodnevno uporabo. Vsi moduli omar so izdelani iz hladno valjanega jekla z debelino materiala 0,8 mm \u2013 brez krhke plo\u010devine \u2013 kar zagotavlja izjemno stabilnost in vzdr\u017eljivost. Pra\u0161no barvane povr\u0161ine v sivi\/\u010drni barvi so odporne na praske, olje in umazanijo ter jih je enostavno &hellip; <br \/><a href=\"https:\/\/tigea-shop.si\/sk\/izdelek\/delavniska-omara-2955-x-525-x-1990-mm-z-led-osvetlitvijo-in-delovno-plosco-iz-nerjavecega-jekla\/\" class=\"more-link\">Continue reading <span class=\"screen-reader-text\">Delavni\u0161ka omara -2955 x 525 x 1990 mm  z LED osvetlitvijo in delovno plo\u0161\u010do iz nerjave\u010dega jekla<\/span><\/a><\/p>\n","protected":false},"featured_media":4702,"template":"","meta":[],"_links":{"self":[{"href":"https:\/\/tigea-shop.si\/sk\/wp-json\/wp\/v2\/product\/4701"}],"collection":[{"href":"https:\/\/tigea-shop.si\/sk\/wp-json\/wp\/v2\/product"}],"about":[{"href":"https:\/\/tigea-shop.si\/sk\/wp-json\/wp\/v2\/types\/product"}],"wp:featuredmedia":[{"embeddable":true,"href":"https:\/\/tigea-shop.si\/sk\/wp-json\/wp\/v2\/media\/4702"}],"wp:attachment":[{"href":"https:\/\/tigea-shop.si\/sk\/wp-json\/wp\/v2\/media?parent=4701"}],"curies":[{"name":"wp","href":"https:\/\/api.w.org\/{rel}","templated":true}]}}