{"id":4834,"date":"2026-03-24T06:59:28","date_gmt":"2026-03-24T05:59:28","guid":{"rendered":"https:\/\/tigea-shop.si\/?post_type=product&#038;p=4834"},"modified":"2026-03-24T06:59:29","modified_gmt":"2026-03-24T05:59:29","slug":"delavniska-omara-2580-x-1800-x-540-mm","status":"publish","type":"product","link":"https:\/\/tigea-shop.si\/sk\/izdelek\/delavniska-omara-2580-x-1800-x-540-mm\/","title":{"rendered":"Delavni\u0161ka omara -2580 \u00d7 1800 \u00d7 540 mm"},"content":{"rendered":"<p><span dir=\"auto\">Delavni\u0161ki sistem je profesionalna re\u0161itev \u00bbvse v enem\u00ab za strukturirane in u\u010dinkovite delovne prostore. Ta 6-delni sistem omar zdru\u017euje robustno delovno mizo z veliko prostora za shranjevanje, dve visoki stranski omarici in veliko perforirano plo\u0161\u010do za organizacijo orodja.<\/span><br \/>\n<span dir=\"auto\">Devet integriranih predalov omogo\u010da pregledno in organizirano razvr\u0161\u010danje orodja, pribora in majhnih delov. Razli\u010dne vi\u0161ine predalov omogo\u010dajo prilagodljivo uporabo \u2013 od plo\u0161\u010datega orodja do ve\u010dje opreme.<\/span><br \/>\n<span dir=\"auto\">Prostorna delovna povr\u0161ina iz lakiranega lesa zagotavlja stabilno in trpe\u017eno podlago za vsakodnevna delavni\u0161ka opravila. Za delovno povr\u0161ino je perforirana plo\u0161\u010da, ki ustvarja dodaten prostor za orodje, dr\u017eala in pribor.<\/span><br \/>\n<span dir=\"auto\">Celoten delavni\u0161ki sistem stoji na osmih robustnih kolesih s premerom 130 mm, kar zagotavlja mobilnost kljub njegovi velikosti. \u0160est koles je vrtljivih, dve pa sta fiksni za dodatno stabilnost.<\/span><br \/>\n<span dir=\"auto\">Pra\u0161no lakirano jekleno ohi\u0161je v barvi RAL 7016 zagotavlja visokokakovosten industrijski videz in trajno \u0161\u010diti povr\u0161ino pred praskami in obrabo.<\/span><\/p>\n<p><span dir=\"auto\">Ta delavni\u0161ki sistem je idealen za:<\/span><\/p>\n<ul>\n<li><span dir=\"auto\">Avtomehani\u010dne delavnice<\/span><\/li>\n<li><span dir=\"auto\">Industrijska delovna mesta<\/span><\/li>\n<li><span dir=\"auto\">obrtna podjetja<\/span><\/li>\n<li><span dir=\"auto\">Delavni\u0161ke gara\u017ee<\/span><\/li>\n<li><span dir=\"auto\">profesionalni doma\u010di mojstri<\/span><\/li>\n<\/ul>\n<p><span dir=\"auto\">oprema<\/span><\/p>\n<ul>\n<li><span dir=\"auto\">6-delni delavni\u0161ki sistem s centralno delovno mizo<\/span><\/li>\n<li><span dir=\"auto\">2 stransko name\u0161\u010deni visoki omari za dodaten prostor za shranjevanje<\/span><\/li>\n<li><span dir=\"auto\">9 predalov za strukturirano organizacijo orodja<\/span><\/li>\n<li><span dir=\"auto\">Velika plo\u0161\u010da z orodji za hiter dostop<\/span><\/li>\n<li><span dir=\"auto\">robustna delovna povr\u0161ina iz lakiranega lesa<\/span><\/li>\n<li><span dir=\"auto\">pra\u0161no barvana jeklena konstrukcija<\/span><\/li>\n<li><span dir=\"auto\">Visokokakovostna industrijska kakovost<\/span><\/li>\n<li><span dir=\"auto\">mobilna konstrukcija s te\u017ekimi kolesi<\/span><\/li>\n<\/ul>\n<p><strong><span dir=\"auto\">Tehni\u010dni podatki<\/span><\/strong><br \/>\n<span dir=\"auto\">Celotne dimenzije<\/span><\/p>\n<ul>\n<li><span dir=\"auto\">\u0160irina: 2580 mm<\/span><\/li>\n<li><span dir=\"auto\">Vi\u0161ina: 1800 mm<\/span><\/li>\n<li><span dir=\"auto\">Globina: 540 mm<\/span><\/li>\n<li><span dir=\"auto\">Delovna globina: 520 mm<\/span><\/li>\n<\/ul>\n<p><span dir=\"auto\">plo\u0161\u010da z luknjami<\/span><\/p>\n<ul>\n<li><span dir=\"auto\">1575 \u00d7 865 mm<\/span><\/li>\n<\/ul>\n<p><span dir=\"auto\">Stranski moduli \/ visoke omare<\/span><\/p>\n<ul>\n<li><span dir=\"auto\">1535 \u00d7 540 \u00d7 500 mm<\/span><\/li>\n<\/ul>\n<p><span dir=\"auto\">Razporeditev predalov<\/span><\/p>\n<ul>\n<li><span dir=\"auto\">1 velik predal: 1470 \u00d7 540 \u00d7 106 mm<\/span><\/li>\n<li><span dir=\"auto\">4 predali: 707 \u00d7 540 \u00d7 157 mm<\/span><\/li>\n<li><span dir=\"auto\">4 predali: 707 \u00d7 540 \u00d7 77 mm<\/span><\/li>\n<\/ul>\n<p><span dir=\"auto\">Notranje dimenzije predala<\/span><\/p>\n<ul>\n<li><span dir=\"auto\">1 plitek predal: 1450 \u00d7 425 \u00d7 85 mm<\/span><\/li>\n<li><span dir=\"auto\">4 plitvi predali: 685 \u00d7 425 \u00d7 50 mm<\/span><\/li>\n<li><span dir=\"auto\">4 visoki predali: 685 \u00d7 425 \u00d7 135 mm<\/span><\/li>\n<\/ul>\n<p><span dir=\"auto\">Zvitek<\/span><\/p>\n<ul>\n<li><span dir=\"auto\">8 valjev \u00d8130 mm<\/span><\/li>\n<li><span dir=\"auto\">6 vrtljivih kolesc<\/span><\/li>\n<li><span dir=\"auto\">2 fiksni kolesci<\/span><\/li>\n<\/ul>\n","protected":false},"excerpt":{"rendered":"<p>Delavni\u0161ki sistem je profesionalna re\u0161itev \u00bbvse v enem\u00ab za strukturirane in u\u010dinkovite delovne prostore. Ta 6-delni sistem omar zdru\u017euje robustno delovno mizo z veliko prostora za shranjevanje, dve visoki stranski omarici in veliko perforirano plo\u0161\u010do za organizacijo orodja. Devet integriranih predalov omogo\u010da pregledno in organizirano razvr\u0161\u010danje orodja, pribora in majhnih delov. Razli\u010dne vi\u0161ine predalov omogo\u010dajo &hellip; <br \/><a href=\"https:\/\/tigea-shop.si\/sk\/izdelek\/delavniska-omara-2580-x-1800-x-540-mm\/\" class=\"more-link\">Continue reading <span class=\"screen-reader-text\">Delavni\u0161ka omara -2580 \u00d7 1800 \u00d7 540 mm<\/span><\/a><\/p>\n","protected":false},"featured_media":4835,"template":"","meta":[],"_links":{"self":[{"href":"https:\/\/tigea-shop.si\/sk\/wp-json\/wp\/v2\/product\/4834"}],"collection":[{"href":"https:\/\/tigea-shop.si\/sk\/wp-json\/wp\/v2\/product"}],"about":[{"href":"https:\/\/tigea-shop.si\/sk\/wp-json\/wp\/v2\/types\/product"}],"wp:featuredmedia":[{"embeddable":true,"href":"https:\/\/tigea-shop.si\/sk\/wp-json\/wp\/v2\/media\/4835"}],"wp:attachment":[{"href":"https:\/\/tigea-shop.si\/sk\/wp-json\/wp\/v2\/media?parent=4834"}],"curies":[{"name":"wp","href":"https:\/\/api.w.org\/{rel}","templated":true}]}}