{"id":1622,"date":"2021-04-13T10:24:10","date_gmt":"2021-04-13T08:24:10","guid":{"rendered":"https:\/\/tigea-shop.si\/?post_type=product&#038;p=1622"},"modified":"2022-08-11T18:34:26","modified_gmt":"2022-08-11T16:34:26","slug":"snemalec-injektorjev","status":"publish","type":"product","link":"https:\/\/tigea-shop.si\/sv\/izdelek\/snemalec-injektorjev\/","title":{"rendered":"SNEMALEC INJEKTORJEV"},"content":{"rendered":"<div dir=\"auto\">&#8211; za odstranitev dizelskih injektorjev<\/div>\n<div dir=\"auto\">&#8211; razli\u010dni adapterji primerni za ve\u010dino dizelskih injektorjev<\/div>\n<div dir=\"auto\">&#8211; vklju\u010duje tudi naslednje elemente:<\/div>\n<div dir=\"auto\">&#8211; 3 razli\u010dna drsna kladiva:<\/div>\n<div dir=\"auto\">&#8211; 1.6 kg, 160 mm dol\u017eine<\/div>\n<div dir=\"auto\">&#8211; 2.7 kg, 460 mm dol\u017eine<\/div>\n<div dir=\"auto\">&#8211; 5.1 kg, 600 mm dol\u017eine<\/div>\n<div dir=\"auto\">&#8211; 2 vle\u010dna vilici:<\/div>\n<div dir=\"auto\">&#8211; 13,7 x 18 mm, 105 mm dol\u017eine<\/div>\n<div dir=\"auto\">&#8211; 12,7 x 19 mm, 130 mm dol\u017eine<\/div>\n<div dir=\"auto\">&#8211; 5 re\u017ene 6-PT 1\/2 &#8221; nastavki, 100 mm dol\u017eine<\/div>\n<div dir=\"auto\">&#8211; velikosti 25-27 &#8211; 28 &#8211; 29-30 mm<\/div>\n<div dir=\"auto\">&#8211; injektorski izvleka\u010d :<\/div>\n<div dir=\"auto\">&#8211; zunanji premer 35 mm<\/div>\n<div dir=\"auto\">&#8211; notranji premer 29 mm<\/div>\n<div dir=\"auto\">&#8211; M17 x 1,0 vreteno<\/div>\n<div dir=\"auto\">&#8211; vle\u010dni adapter z zunanjim navojem M27 x 1,0 (3 kosi) in M25 x 1,0<\/div>\n<div dir=\"auto\">&#8211; vle\u010dni adapter z notranjim navojem M27 x 1,0 (3 kosi)<\/div>\n<div dir=\"auto\">&#8211; adapter za drsno kladivo<\/div>\n","protected":false},"excerpt":{"rendered":"<p>&#8211; za odstranitev dizelskih injektorjev &#8211; razli\u010dni adapterji primerni za ve\u010dino dizelskih injektorjev &#8211; vklju\u010duje tudi naslednje elemente: &#8211; 3 razli\u010dna drsna kladiva: &#8211; 1.6 kg, 160 mm dol\u017eine &#8211; 2.7 kg, 460 mm dol\u017eine &#8211; 5.1 kg, 600 mm dol\u017eine &#8211; 2 vle\u010dna vilici: &#8211; 13,7 x 18 mm, 105 mm dol\u017eine &#8211; 12,7 &hellip; <br \/><a href=\"https:\/\/tigea-shop.si\/sv\/izdelek\/snemalec-injektorjev\/\" class=\"more-link\">Continue reading <span class=\"screen-reader-text\">SNEMALEC INJEKTORJEV<\/span><\/a><\/p>\n","protected":false},"featured_media":1623,"template":"","meta":[],"_links":{"self":[{"href":"https:\/\/tigea-shop.si\/sv\/wp-json\/wp\/v2\/product\/1622"}],"collection":[{"href":"https:\/\/tigea-shop.si\/sv\/wp-json\/wp\/v2\/product"}],"about":[{"href":"https:\/\/tigea-shop.si\/sv\/wp-json\/wp\/v2\/types\/product"}],"wp:featuredmedia":[{"embeddable":true,"href":"https:\/\/tigea-shop.si\/sv\/wp-json\/wp\/v2\/media\/1623"}],"wp:attachment":[{"href":"https:\/\/tigea-shop.si\/sv\/wp-json\/wp\/v2\/media?parent=1622"}],"curies":[{"name":"wp","href":"https:\/\/api.w.org\/{rel}","templated":true}]}}