{"id":2017,"date":"2022-03-10T21:54:50","date_gmt":"2022-03-10T20:54:50","guid":{"rendered":"https:\/\/tigea-shop.si\/?post_type=product&#038;p=2017"},"modified":"2022-08-11T18:30:58","modified_gmt":"2022-08-11T16:30:58","slug":"samonavijalna-cev-za-zrak-15m","status":"publish","type":"product","link":"https:\/\/tigea-shop.si\/sv\/izdelek\/samonavijalna-cev-za-zrak-15m\/","title":{"rendered":"Samonavijalna cev za zrak 15m"},"content":{"rendered":"<p>Pnevmatska cev\u00a0<strong>iz fleksibilnega PVC-ja<\/strong>\u00a0zagotavlja tesen pretok zraka in teko\u010dine pri visokih stati\u010dnih tlakih. Dol\u017eina cevi zna\u0161a\u00a0<strong>15metrov.<\/strong>\u00a0Le ta\u00a0se lahko uporablja kot dodatek za kompresor, pnevmatsko orodje, tla\u010dne \u010distilce in drugo opremo, ki zahteva visoko tla\u010dno odpornost.<\/p>\n<ul>\n<li>odstranljivi stenski nosilec<\/li>\n<li>avtomatski kolut za cev<\/li>\n<li>visoka tla\u010dna odpornost do 20 barov<\/li>\n<\/ul>\n<p>Specifikacija<\/p>\n<div class=\"dictionary__param row mb-2\"><\/div>\n<div class=\"dictionary__param row mb-2\">\n<div class=\"dictionary__values col-6\">\n<div class=\"dictionary__value\">\n<div class=\"dictionary__param row mb-2\">\n<div class=\"dictionary__name col-6 d-flex align-items-center justify-content-end\"><span class=\"dictionary__name_txt\">Dol\u017eina<\/span>15m<\/div>\n<div class=\"dictionary__name col-6 d-flex align-items-center justify-content-end\">Dol\u017eina dovodne cevi 180cm<\/div>\n<\/div>\n<div class=\"dictionary__param row mb-2\">\n<div class=\"dictionary__name col-6 d-flex align-items-center justify-content-end\"><span class=\"dictionary__name_txt\">Delovna temperatura <\/span>-20\u00b0C &#8211; +75\u00b0C<\/div>\n<\/div>\n<div class=\"dictionary__param row mb-2\">\n<div class=\"dictionary__name col-6 d-flex align-items-center justify-content-end\"><span class=\"dictionary__name_txt\">Zaklepanje proti kotanju-<\/span>da<\/div>\n<\/div>\n<div class=\"dictionary__param row mb-2\">\n<div class=\"dictionary__name col-6 d-flex align-items-center justify-content-end\"><span class=\"dictionary__name_txt\">Premer cevi\u00a0 <\/span>15 x 9,3 mm<\/div>\n<\/div>\n<div class=\"dictionary__param row mb-2\">\n<div class=\"dictionary__name col-6 d-flex align-items-center justify-content-end\"><span class=\"dictionary__name_txt\">Delovni tlak <\/span>maks.\u00a020 barov<\/div>\n<\/div>\n<div class=\"dictionary__param row mb-2\">\n<div class=\"dictionary__name col-6 d-flex align-items-center justify-content-end\"><span class=\"dictionary__name_txt\">Zunanji navoj <\/span>1\/4&#8243;<\/div>\n<\/div>\n<div class=\"dictionary__param row mb-2\">\n<div class=\"dictionary__name col-6 d-flex align-items-center justify-content-end\"><span class=\"dictionary__name_txt\">Set vklju\u010duje<\/span><\/div>\n<div class=\"dictionary__values col-6\">\n<div class=\"dictionary__value\"><span class=\"dictionary__value_txt\">Ro\u010daji za namestitev blizu stene<\/span><\/div>\n<\/div>\n<\/div>\n<\/div>\n<\/div>\n<\/div>\n","protected":false},"excerpt":{"rendered":"<p>Pnevmatska cev\u00a0iz fleksibilnega PVC-ja\u00a0zagotavlja tesen pretok zraka in teko\u010dine pri visokih stati\u010dnih tlakih. Dol\u017eina cevi zna\u0161a\u00a015metrov.\u00a0Le ta\u00a0se lahko uporablja kot dodatek za kompresor, pnevmatsko orodje, tla\u010dne \u010distilce in drugo opremo, ki zahteva visoko tla\u010dno odpornost. odstranljivi stenski nosilec avtomatski kolut za cev visoka tla\u010dna odpornost do 20 barov Specifikacija Dol\u017eina15m Dol\u017eina dovodne cevi 180cm Delovna &hellip; <br \/><a href=\"https:\/\/tigea-shop.si\/sv\/izdelek\/samonavijalna-cev-za-zrak-15m\/\" class=\"more-link\">Continue reading <span class=\"screen-reader-text\">Samonavijalna cev za zrak 15m<\/span><\/a><\/p>\n","protected":false},"featured_media":2018,"template":"","meta":[],"_links":{"self":[{"href":"https:\/\/tigea-shop.si\/sv\/wp-json\/wp\/v2\/product\/2017"}],"collection":[{"href":"https:\/\/tigea-shop.si\/sv\/wp-json\/wp\/v2\/product"}],"about":[{"href":"https:\/\/tigea-shop.si\/sv\/wp-json\/wp\/v2\/types\/product"}],"wp:featuredmedia":[{"embeddable":true,"href":"https:\/\/tigea-shop.si\/sv\/wp-json\/wp\/v2\/media\/2018"}],"wp:attachment":[{"href":"https:\/\/tigea-shop.si\/sv\/wp-json\/wp\/v2\/media?parent=2017"}],"curies":[{"name":"wp","href":"https:\/\/api.w.org\/{rel}","templated":true}]}}