{"id":2087,"date":"2022-04-13T20:40:25","date_gmt":"2022-04-13T18:40:25","guid":{"rendered":"https:\/\/tigea-shop.si\/?post_type=product&#038;p=2087"},"modified":"2022-04-13T20:40:25","modified_gmt":"2022-04-13T18:40:25","slug":"avtomatski-montirni-stroj-12-24-380v","status":"publish","type":"product","link":"https:\/\/tigea-shop.si\/sv\/izdelek\/avtomatski-montirni-stroj-12-24-380v\/","title":{"rendered":"Avtomatski montirni stroj 12&#8243;-24&#8243; 380V"},"content":{"rendered":"<p>Avtomatska montirka z zunanjim oprijemom od\u00a010&#8243;\u00a0do\u00a021&#8243;\u00a0in notranjim oprijemom od\u00a012&#8243;\u00a0do\u00a024&#8243;. Opremljena s pnevmatskim stebrom in sistemom za hitro polnjenje pnevmatik.<\/p>\n<ul>\n<li>tip stroja: avtomatski<\/li>\n<li>tip napajanja: 380V<\/li>\n<li>mo\u010d motorja: 0,75 kW<\/li>\n<li>najve\u010dji zunanji prijem plati\u0161\u010da: 10&#8243; &#8211; 22&#8243;<\/li>\n<li>najve\u010dji notranji prijem plati\u0161\u010da: 12&#8243; &#8211; 24&#8243;<\/li>\n<li>najve\u010dja \u0161irina plati\u0161\u010da: 355 mm<\/li>\n<li>najve\u010dji premer plati\u0161\u010da: 1000 mm<\/li>\n<li>najve\u010dja sila roke za stiskanje: 3200 kg<\/li>\n<li>delovni tlak: 8 -10 Bar<\/li>\n<li>raven hrupa:\u00a0&lt; 70\u00a0dB<\/li>\n<li>hitrost vrtenja mize: 7\u00a0vrt.\/min<\/li>\n<li>te\u017ea: 229\u00a0kg<\/li>\n<li>dimenzije: 975\u00a0x 760\u00a0x 1070\u00a0m<\/li>\n<\/ul>\n","protected":false},"excerpt":{"rendered":"<p>Avtomatska montirka z zunanjim oprijemom od\u00a010&#8243;\u00a0do\u00a021&#8243;\u00a0in notranjim oprijemom od\u00a012&#8243;\u00a0do\u00a024&#8243;. Opremljena s pnevmatskim stebrom in sistemom za hitro polnjenje pnevmatik. tip stroja: avtomatski tip napajanja: 380V mo\u010d motorja: 0,75 kW najve\u010dji zunanji prijem plati\u0161\u010da: 10&#8243; &#8211; 22&#8243; najve\u010dji notranji prijem plati\u0161\u010da: 12&#8243; &#8211; 24&#8243; najve\u010dja \u0161irina plati\u0161\u010da: 355 mm najve\u010dji premer plati\u0161\u010da: 1000 mm najve\u010dja sila &hellip; <br \/><a href=\"https:\/\/tigea-shop.si\/sv\/izdelek\/avtomatski-montirni-stroj-12-24-380v\/\" class=\"more-link\">Continue reading <span class=\"screen-reader-text\">Avtomatski montirni stroj 12&#8243;-24&#8243; 380V<\/span><\/a><\/p>\n","protected":false},"featured_media":2088,"template":"","meta":[],"_links":{"self":[{"href":"https:\/\/tigea-shop.si\/sv\/wp-json\/wp\/v2\/product\/2087"}],"collection":[{"href":"https:\/\/tigea-shop.si\/sv\/wp-json\/wp\/v2\/product"}],"about":[{"href":"https:\/\/tigea-shop.si\/sv\/wp-json\/wp\/v2\/types\/product"}],"wp:featuredmedia":[{"embeddable":true,"href":"https:\/\/tigea-shop.si\/sv\/wp-json\/wp\/v2\/media\/2088"}],"wp:attachment":[{"href":"https:\/\/tigea-shop.si\/sv\/wp-json\/wp\/v2\/media?parent=2087"}],"curies":[{"name":"wp","href":"https:\/\/api.w.org\/{rel}","templated":true}]}}