{"id":2754,"date":"2022-11-29T12:41:04","date_gmt":"2022-11-29T11:41:04","guid":{"rendered":"https:\/\/tigea-shop.si\/?post_type=product&#038;p=2754"},"modified":"2022-11-29T12:45:21","modified_gmt":"2022-11-29T11:45:21","slug":"pnevmatski-udarni-vijacnik-1-2-650nm","status":"publish","type":"product","link":"https:\/\/tigea-shop.si\/sv\/izdelek\/pnevmatski-udarni-vijacnik-1-2-650nm\/","title":{"rendered":"Pnevmatski udarni vija\u010dnik 1\/2&#8243; 650Nm"},"content":{"rendered":"<p>Profesionalna zra\u010dni udarni vija\u010dnik je opremljen s sistemom Jumbo Hammer, ki\u00a0pove\u010duje vzdr\u017eljivost in omogo\u010da enakomerno dodajanje mo\u010di pri odvijanju vijakov.<\/p>\n<div class=\"dictionary__param row mb-2\">\n<div class=\"dictionary__name col-6 d-flex align-items-center justify-content-end\"><span class=\"dictionary__name_txt\">Priklju\u010dek-<\/span>1\/2&#8243;<\/div>\n<\/div>\n<div class=\"dictionary__param row mb-2\">\n<div class=\"dictionary__name col-6 d-flex align-items-center justify-content-end\"><span class=\"dictionary__name_txt\">Vrtilni moment-<\/span>8000 obratov na minuto<\/div>\n<\/div>\n<div class=\"dictionary__param row mb-2\">\n<div class=\"dictionary__name col-6 d-flex align-items-center justify-content-end\"><span class=\"dictionary__name_txt\">Najve\u010dji navor-<\/span>650 Nm<\/div>\n<\/div>\n<div class=\"dictionary__param row mb-2\">\n<div class=\"dictionary__name col-6 d-flex align-items-center justify-content-end\"><span class=\"dictionary__name_txt\">Poraba zraka v klju\u010du-<\/span>113 l\/min<\/div>\n<\/div>\n<div class=\"dictionary__param row mb-2\">\n<div class=\"dictionary__name col-6 d-flex align-items-center justify-content-end\"><span class=\"dictionary__name_txt\">Delovni tlak-<\/span>6,2 Bar<\/div>\n<\/div>\n<div class=\"dictionary__param row mb-2\">\n<div class=\"dictionary__name col-6 d-flex align-items-center justify-content-end\"><span class=\"dictionary__name_txt\">Vhodni premer-<\/span>1\/4&#8243;<\/div>\n<\/div>\n<div class=\"dictionary__param row mb-2\">\n<div class=\"dictionary__name col-6 d-flex align-items-center justify-content-end\"><span class=\"dictionary__name_txt\">Dimenzije-<\/span>85 x 70 x 280 mm<\/div>\n<\/div>\n<div class=\"dictionary__param row mb-2\">\n<div class=\"dictionary__values col-6\">\n<div class=\"dictionary__value\">\n<div class=\"dictionary__name col-6 d-flex align-items-center justify-content-end\"><span class=\"dictionary__name_txt\">Dodatni elementiv <\/span>stop za pnevmatsko hitro spojko,plo\u0161\u010dati klju\u010d za spremembo polo\u017eaja glave<\/div>\n<\/div>\n<\/div>\n<\/div>\n","protected":false},"excerpt":{"rendered":"<p>Profesionalna zra\u010dni udarni vija\u010dnik je opremljen s sistemom Jumbo Hammer, ki\u00a0pove\u010duje vzdr\u017eljivost in omogo\u010da enakomerno dodajanje mo\u010di pri odvijanju vijakov. Priklju\u010dek-1\/2&#8243; Vrtilni moment-8000 obratov na minuto Najve\u010dji navor-650 Nm Poraba zraka v klju\u010du-113 l\/min Delovni tlak-6,2 Bar Vhodni premer-1\/4&#8243; Dimenzije-85 x 70 x 280 mm Dodatni elementiv stop za pnevmatsko hitro spojko,plo\u0161\u010dati klju\u010d za spremembo &hellip; <br \/><a href=\"https:\/\/tigea-shop.si\/sv\/izdelek\/pnevmatski-udarni-vijacnik-1-2-650nm\/\" class=\"more-link\">Continue reading <span class=\"screen-reader-text\">Pnevmatski udarni vija\u010dnik 1\/2&#8243; 650Nm<\/span><\/a><\/p>\n","protected":false},"featured_media":2755,"template":"","meta":[],"_links":{"self":[{"href":"https:\/\/tigea-shop.si\/sv\/wp-json\/wp\/v2\/product\/2754"}],"collection":[{"href":"https:\/\/tigea-shop.si\/sv\/wp-json\/wp\/v2\/product"}],"about":[{"href":"https:\/\/tigea-shop.si\/sv\/wp-json\/wp\/v2\/types\/product"}],"wp:featuredmedia":[{"embeddable":true,"href":"https:\/\/tigea-shop.si\/sv\/wp-json\/wp\/v2\/media\/2755"}],"wp:attachment":[{"href":"https:\/\/tigea-shop.si\/sv\/wp-json\/wp\/v2\/media?parent=2754"}],"curies":[{"name":"wp","href":"https:\/\/api.w.org\/{rel}","templated":true}]}}