{"id":2771,"date":"2022-11-29T19:10:34","date_gmt":"2022-11-29T18:10:34","guid":{"rendered":"https:\/\/tigea-shop.si\/?post_type=product&#038;p=2771"},"modified":"2022-11-29T19:10:34","modified_gmt":"2022-11-29T18:10:34","slug":"namizni-primez-z-vrtljivim-podstavkom-200-mm","status":"publish","type":"product","link":"https:\/\/tigea-shop.si\/sv\/izdelek\/namizni-primez-z-vrtljivim-podstavkom-200-mm\/","title":{"rendered":"Namizni prime\u017e z vrtljivim podstavkom 200 mm"},"content":{"rendered":"<p>Ta namizni prime\u017e z\u00a0vrtljivim podstavkom je nepogre\u0161ljivo orodje za vsako delavnico ali gara\u017eo. Popoln je za dr\u017eanje predmetov med vrtanjem, piljenjem, spajkanjem, sestavljanjem ali varjenjem.<\/p>\n<p>&nbsp;<\/p>\n<p>Ta namizni prime\u017e je izdelan iz trpe\u017enega litega jekla, ki zagotavlja trdnost in vzdr\u017eljivost. \u010celjusti se odpirata s\u00a0svin\u010denim vijakom do najve\u010d 200\u00a0mm, \u0161irina \u010deljusti pa je 200\u00a0mm. Ta prime\u017e ima tudi luknje za namestitev, zato ga lahko varno pritrdite na delovno mizo ali podobno povr\u0161ino.<\/p>\n<p>&nbsp;<\/p>\n<p>Zaradi vrtljivega podstavka se prime\u017e vrti za 360\u00b0 na vgrajeni vrtljivi plo\u0161\u010di. To je kos profesionalne opreme za in\u017eenirje in doma\u010de mojstre.<\/p>\n<ul>\n<li>Barva: Modra<\/li>\n<li>Material: HT150 lito \u017eelezo<\/li>\n<li>Dimenzije: 42\u00a0\u00d7\u00a022\u00a0\u00d7\u00a019,8\u00a0cm (D x \u0160 x V)<\/li>\n<li>\u0160irina \u010deljusti: 200\u00a0mm<\/li>\n<li>\u0160irina odprtine med \u010deljustmi: 0\u00a0\u2013 200\u00a0mm<\/li>\n<li>Globina \u010deljusti: 7,9\u00a0cm<\/li>\n<li>Z\u00a0nakovalom<\/li>\n<li>Velikost nakovala: 8,6\u00a0\u00d7\u00a09,2\u00a0cm (D x \u0160)<\/li>\n<li>Neto te\u017ea: 16\u00a0kg<\/li>\n<li>Podstavek ze vrti za 360\u00b0<\/li>\n<li>Potrebno sestavljanje: Da<\/li>\n<\/ul>\n","protected":false},"excerpt":{"rendered":"<p>Ta namizni prime\u017e z\u00a0vrtljivim podstavkom je nepogre\u0161ljivo orodje za vsako delavnico ali gara\u017eo. Popoln je za dr\u017eanje predmetov med vrtanjem, piljenjem, spajkanjem, sestavljanjem ali varjenjem. &nbsp; Ta namizni prime\u017e je izdelan iz trpe\u017enega litega jekla, ki zagotavlja trdnost in vzdr\u017eljivost. \u010celjusti se odpirata s\u00a0svin\u010denim vijakom do najve\u010d 200\u00a0mm, \u0161irina \u010deljusti pa je 200\u00a0mm. Ta prime\u017e &hellip; <br \/><a href=\"https:\/\/tigea-shop.si\/sv\/izdelek\/namizni-primez-z-vrtljivim-podstavkom-200-mm\/\" class=\"more-link\">Continue reading <span class=\"screen-reader-text\">Namizni prime\u017e z vrtljivim podstavkom 200 mm<\/span><\/a><\/p>\n","protected":false},"featured_media":2772,"template":"","meta":[],"_links":{"self":[{"href":"https:\/\/tigea-shop.si\/sv\/wp-json\/wp\/v2\/product\/2771"}],"collection":[{"href":"https:\/\/tigea-shop.si\/sv\/wp-json\/wp\/v2\/product"}],"about":[{"href":"https:\/\/tigea-shop.si\/sv\/wp-json\/wp\/v2\/types\/product"}],"wp:featuredmedia":[{"embeddable":true,"href":"https:\/\/tigea-shop.si\/sv\/wp-json\/wp\/v2\/media\/2772"}],"wp:attachment":[{"href":"https:\/\/tigea-shop.si\/sv\/wp-json\/wp\/v2\/media?parent=2771"}],"curies":[{"name":"wp","href":"https:\/\/api.w.org\/{rel}","templated":true}]}}