{"id":3248,"date":"2023-05-11T20:33:06","date_gmt":"2023-05-11T18:33:06","guid":{"rendered":"https:\/\/tigea-shop.si\/?post_type=product&#038;p=3248"},"modified":"2023-05-11T20:33:06","modified_gmt":"2023-05-11T18:33:06","slug":"otroski-tobogan-2m","status":"publish","type":"product","link":"https:\/\/tigea-shop.si\/sv\/izdelek\/otroski-tobogan-2m\/","title":{"rendered":"Otro\u0161ki tobogan 2m"},"content":{"rendered":"<p>Ta plasti\u010dni tobogan z dvometrsko drsno povr\u0161ino je odli\u010dna zabava za otroke na prostem. Stopnice imajo nedrse\u010do povr\u0161ino, ki zagotavlja varno plezanje.DO 60KG<\/p>\n","protected":false},"excerpt":{"rendered":"<p>Ta plasti\u010dni tobogan z dvometrsko drsno povr\u0161ino je odli\u010dna zabava za otroke na prostem. Stopnice imajo nedrse\u010do povr\u0161ino, ki zagotavlja varno plezanje.DO 60KG<\/p>\n","protected":false},"featured_media":3249,"template":"","meta":[],"_links":{"self":[{"href":"https:\/\/tigea-shop.si\/sv\/wp-json\/wp\/v2\/product\/3248"}],"collection":[{"href":"https:\/\/tigea-shop.si\/sv\/wp-json\/wp\/v2\/product"}],"about":[{"href":"https:\/\/tigea-shop.si\/sv\/wp-json\/wp\/v2\/types\/product"}],"wp:featuredmedia":[{"embeddable":true,"href":"https:\/\/tigea-shop.si\/sv\/wp-json\/wp\/v2\/media\/3249"}],"wp:attachment":[{"href":"https:\/\/tigea-shop.si\/sv\/wp-json\/wp\/v2\/media?parent=3248"}],"curies":[{"name":"wp","href":"https:\/\/api.w.org\/{rel}","templated":true}]}}