{"id":3395,"date":"2023-06-28T08:52:06","date_gmt":"2023-06-28T06:52:06","guid":{"rendered":"https:\/\/tigea-shop.si\/?post_type=product&#038;p=3395"},"modified":"2023-06-28T08:52:06","modified_gmt":"2023-06-28T06:52:06","slug":"set-za-izdelavo-zavorne-cevi-3-19-mm","status":"publish","type":"product","link":"https:\/\/tigea-shop.si\/sv\/izdelek\/set-za-izdelavo-zavorne-cevi-3-19-mm\/","title":{"rendered":"Set za izdelavo zavorne cevi, 3 &#8211; 19 mm"},"content":{"rendered":"<p>Idealen za raz\u0161iritev konusa na cevi.<\/p>\n<p><strong>Vsebina<\/strong><\/p>\n<ul>\n<li>4 zamenljive konice (3 &#8211; 19 mm) za raz\u0161iritve cevi<\/li>\n<li>2 matrice z luknjami 3, 5, 6, 8, 10, 12, 14, 15, 16, 19 mm<\/li>\n<li>sto\u017e\u010dasta stiskalnica s konico za raz\u0161iritev za 45\u00b0<\/li>\n<\/ul>\n","protected":false},"excerpt":{"rendered":"<p>Idealen za raz\u0161iritev konusa na cevi. Vsebina 4 zamenljive konice (3 &#8211; 19 mm) za raz\u0161iritve cevi 2 matrice z luknjami 3, 5, 6, 8, 10, 12, 14, 15, 16, 19 mm sto\u017e\u010dasta stiskalnica s konico za raz\u0161iritev za 45\u00b0<\/p>\n","protected":false},"featured_media":3396,"template":"","meta":[],"_links":{"self":[{"href":"https:\/\/tigea-shop.si\/sv\/wp-json\/wp\/v2\/product\/3395"}],"collection":[{"href":"https:\/\/tigea-shop.si\/sv\/wp-json\/wp\/v2\/product"}],"about":[{"href":"https:\/\/tigea-shop.si\/sv\/wp-json\/wp\/v2\/types\/product"}],"wp:featuredmedia":[{"embeddable":true,"href":"https:\/\/tigea-shop.si\/sv\/wp-json\/wp\/v2\/media\/3396"}],"wp:attachment":[{"href":"https:\/\/tigea-shop.si\/sv\/wp-json\/wp\/v2\/media?parent=3395"}],"curies":[{"name":"wp","href":"https:\/\/api.w.org\/{rel}","templated":true}]}}