{"id":3958,"date":"2024-05-09T06:42:03","date_gmt":"2024-05-09T04:42:03","guid":{"rendered":"https:\/\/tigea-shop.si\/?post_type=product&#038;p=3958"},"modified":"2024-05-09T06:42:03","modified_gmt":"2024-05-09T04:42:03","slug":"samopostavljivi-paviljon-3x6","status":"publish","type":"product","link":"https:\/\/tigea-shop.si\/sv\/izdelek\/samopostavljivi-paviljon-3x6\/","title":{"rendered":"Samopostavljivi paviljon 3\u00d76"},"content":{"rendered":"<p>Samopostavljivi paviljon 3\u00d76 vi\u0161ina 2m sestavljen v 2 minutah\u2026modre,rde\u010de ali zeleni barve, kovinska konstrukcija mat \u010drna barva.<\/p>\n<p>Samopostavljivi Vodootporni paviljon bo idealen za razli\u010dne dogodke na prostem, kot so na primer razli\u010dne prireditve, poroke, zabave, pikniki, festivali itd. Lahko ga namestite tudi na svoje dvori\u0161\u010de, kjer bo ustvaril velik prostor v senci za va\u0161o dru\u017eino in prijatelje.<\/p>\n<p>Paket vsebuje tudi material za enostavno in varno postavitev. Za zagotovitev 100\u00a0% vodoodpornosti vrtnega \u0161otora, ali \u010de bo \u0161otor izpostavljen mo\u010dnemu de\u017eevju, priporo\u010damo za\u0161\u010dito \u0161otora z\u00a0vodoodpornim sprejem. Ta izdelek se NIKOLI ne sme uporabljati v\u00a0slabem vremenu, npr. ob mo\u010dnem vetru, de\u017eju, sne\u017eenju, nevihtah itd.<\/p>\n<ul>\n<li>Barva: modra, rde\u010da ali temno zelen<\/li>\n<li>Material okvirja:\u00a0 zlitina<\/li>\n<li>Material strehe:\u00a0 blago s PVC prevleko<\/li>\n<li>Skupne dimenzije: 3 \u00d7 6 \u00d7 2,05 m (D x \u0160 x V)<\/li>\n<li>Dimenzije stojnega droga: 3 \u00d7 6 \u00d7 235 cm (D x \u0160 x V)<\/li>\n<li>Te\u017ea okvirja: 15 kg<\/li>\n<li>Enostavno za prenos<\/li>\n<li>100\u00a0% vodoodporno<\/li>\n<li>Odlikuje ga zlo\u017eljiva zasnova<\/li>\n<li>Mo\u010dno<\/li>\n<li>Prilo\u017eeni materiali za namestitev<\/li>\n<\/ul>\n","protected":false},"excerpt":{"rendered":"<p>Samopostavljivi paviljon 3\u00d76 vi\u0161ina 2m sestavljen v 2 minutah\u2026modre,rde\u010de ali zeleni barve, kovinska konstrukcija mat \u010drna barva. Samopostavljivi Vodootporni paviljon bo idealen za razli\u010dne dogodke na prostem, kot so na primer razli\u010dne prireditve, poroke, zabave, pikniki, festivali itd. Lahko ga namestite tudi na svoje dvori\u0161\u010de, kjer bo ustvaril velik prostor v senci za va\u0161o dru\u017eino &hellip; <br \/><a href=\"https:\/\/tigea-shop.si\/sv\/izdelek\/samopostavljivi-paviljon-3x6\/\" class=\"more-link\">Continue reading <span class=\"screen-reader-text\">Samopostavljivi paviljon 3\u00d76<\/span><\/a><\/p>\n","protected":false},"featured_media":3961,"template":"","meta":[],"_links":{"self":[{"href":"https:\/\/tigea-shop.si\/sv\/wp-json\/wp\/v2\/product\/3958"}],"collection":[{"href":"https:\/\/tigea-shop.si\/sv\/wp-json\/wp\/v2\/product"}],"about":[{"href":"https:\/\/tigea-shop.si\/sv\/wp-json\/wp\/v2\/types\/product"}],"wp:featuredmedia":[{"embeddable":true,"href":"https:\/\/tigea-shop.si\/sv\/wp-json\/wp\/v2\/media\/3961"}],"wp:attachment":[{"href":"https:\/\/tigea-shop.si\/sv\/wp-json\/wp\/v2\/media?parent=3958"}],"curies":[{"name":"wp","href":"https:\/\/api.w.org\/{rel}","templated":true}]}}