{"id":3964,"date":"2024-05-09T07:32:14","date_gmt":"2024-05-09T05:32:14","guid":{"rendered":"https:\/\/tigea-shop.si\/?post_type=product&#038;p=3964"},"modified":"2024-05-09T07:32:15","modified_gmt":"2024-05-09T05:32:15","slug":"orodje-za-fazo-motorja-audi-3-0-a4-a6-a8","status":"publish","type":"product","link":"https:\/\/tigea-shop.si\/sv\/izdelek\/orodje-za-fazo-motorja-audi-3-0-a4-a6-a8\/","title":{"rendered":"Orodje za fazo motorja &#8211; Audi &#8211; 3.0 A4, A6, A8."},"content":{"rendered":"<p>Set za nastavitev odmi\u010dne gredi AUDI 3.0 A4, A6, A8<\/p>\n<p><strong>Vsebina<\/strong><\/p>\n<p>-Zaporni vijaki odmi\u010dne gredi &#8211; Audi 3.0 V6 &#8211; OEM: T40026<\/p>\n<p>-Regulator odmi\u010dne gredi &#8211; OEM: T40028<\/p>\n<p>-Zati\u010di blokade &#8211; OEM: T40011 \/ T40030<\/p>\n<p><strong>Primerno za:<\/strong><\/p>\n<p>-Audi A4 (01-08), Cabrio (03-08), A6 (01-08), A8 (03-08)<\/p>\n<p>-VW Polo, Golf (Diesel); Audi 100 (91-), A6 (Z15L TDi)<\/p>\n<p><strong>Kode motorjev:<\/strong>\u00a0ASN, ASB, AVK, BBJ<\/p>\n","protected":false},"excerpt":{"rendered":"<p>Set za nastavitev odmi\u010dne gredi AUDI 3.0 A4, A6, A8 Vsebina -Zaporni vijaki odmi\u010dne gredi &#8211; Audi 3.0 V6 &#8211; OEM: T40026 -Regulator odmi\u010dne gredi &#8211; OEM: T40028 -Zati\u010di blokade &#8211; OEM: T40011 \/ T40030 Primerno za: -Audi A4 (01-08), Cabrio (03-08), A6 (01-08), A8 (03-08) -VW Polo, Golf (Diesel); Audi 100 (91-), A6 (Z15L &hellip; <br \/><a href=\"https:\/\/tigea-shop.si\/sv\/izdelek\/orodje-za-fazo-motorja-audi-3-0-a4-a6-a8\/\" class=\"more-link\">Continue reading <span class=\"screen-reader-text\">Orodje za fazo motorja &#8211; Audi &#8211; 3.0 A4, A6, A8.<\/span><\/a><\/p>\n","protected":false},"featured_media":3966,"template":"","meta":[],"_links":{"self":[{"href":"https:\/\/tigea-shop.si\/sv\/wp-json\/wp\/v2\/product\/3964"}],"collection":[{"href":"https:\/\/tigea-shop.si\/sv\/wp-json\/wp\/v2\/product"}],"about":[{"href":"https:\/\/tigea-shop.si\/sv\/wp-json\/wp\/v2\/types\/product"}],"wp:featuredmedia":[{"embeddable":true,"href":"https:\/\/tigea-shop.si\/sv\/wp-json\/wp\/v2\/media\/3966"}],"wp:attachment":[{"href":"https:\/\/tigea-shop.si\/sv\/wp-json\/wp\/v2\/media?parent=3964"}],"curies":[{"name":"wp","href":"https:\/\/api.w.org\/{rel}","templated":true}]}}